{"id":3756,"date":"2018-10-24T13:39:13","date_gmt":"2018-10-24T13:39:13","guid":{"rendered":"http:\/\/quanticalabs.com\/wptest\/medicenter-new\/?page_id=3756"},"modified":"2025-05-14T19:33:42","modified_gmt":"2025-05-14T19:33:42","slug":"home","status":"publish","type":"page","link":"https:\/\/sistema.alimedicbolivia.com\/","title":{"rendered":"HOME"},"content":{"rendered":"<p>[vc_row type=\u00bbfull-width\u00bb][vc_column][rev_slider_vc alias=\u00bbhome\u00bb][\/vc_column][\/vc_row][vc_row][vc_column][vc_widget_sidebar sidebar_id=\u00bbsidebar-home-top\u00bb el_class=\u00bbhome-box-container-list for-home-slider\u00bb][\/vc_column][\/vc_row][vc_row top_margin=\u00bbpage-margin-top-section\u00bb][vc_column width=\u00bb1\/2&#8243; el_class=\u00bbpadding-right-30&#8243;][vc_single_image image=\u00bb4196&#8243; img_size=\u00bbmedicenter-vertical-image\u00bb el_class=\u00bbpage-margin-top side-image\u00bb][vc_single_image image=\u00bb4195&#8243; img_size=\u00bbmedicenter-vertical-image\u00bb alignment=\u00bbright\u00bb][\/vc_column][vc_column width=\u00bb1\/2&#8243;][box_header title=\u00bbUna vida sin dolor\u00bb bottom_border=\u00bb1&#8243; animation=\u00bb0&#8243;][box_header title=\u00bbMedicina regenerativa para el tratamiento del dolor cr\u00f3nico\u00bb type=\u00bbh2&#8243; bottom_border=\u00bb0&#8243; class=\u00bblarge margin-top-30&#8243;][vc_column_text el_class=\u00bblarge margin-top-10&#8243;]La ozonoterapia es un tratamiento m\u00e9dico que utiliza una mezcla de ox\u00edgeno y ozono para estimular la regeneraci\u00f3n celular y reducir la inflamaci\u00f3n.<br data-start=\"147\" data-end=\"150\" \/>Es altamente efectiva para aliviar el dolor cr\u00f3nico y mejorar la circulaci\u00f3n en los tejidos afectados.<br data-start=\"252\" data-end=\"255\" \/>Favorece la oxigenaci\u00f3n del cuerpo, acelerando la recuperaci\u00f3n natural sin efectos secundarios agresivos.<br data-start=\"360\" data-end=\"363\" \/>Es una alternativa segura y m\u00ednimamente invasiva dentro de la medicina regenerativa.[\/vc_column_text][\/vc_column][\/vc_row][vc_row type=\u00bbfull-width\u00bb top_margin=\u00bbpage-margin-top-section\u00bb css=\u00bb.vc_custom_1534852698410{background-color: #f0f0f0 !important;}\u00bb el_class=\u00bbalign-center padding-top-57 padding-bottom-63&#8243;][vc_column][vc_button title=\u00bbMARCAR CITA\u00bb label=\u00bbReservar una cita es mu f\u00e1cil\u00bb size=\u00bblarge\u00bb icon=\u00bbtemplate-arrow-horizontal-1-after\u00bb style=\u00bbdark-color\u00bb href=\u00bbhttps:\/\/wa.link\/vqs39n\u00bb][\/vc_column][\/vc_row][vc_row type=\u00bbfull-width mc-parallax mc-overlay\u00bb el_class=\u00bbcounters-group padding-top-200 padding-bottom-193&#8243; css=\u00bb.vc_custom_1747158038395{background-image: url(https:\/\/sistema.alimedicbolivia.com\/wp-content\/uploads\/2025\/05\/banner-medio.jpg?id=4199) !important;}\u00bb][vc_column][vc_row_inner][vc_column_inner width=\u00bb1\/4&#8243;][info_box title=\u00bbAlivio del dolor cr\u00f3nico\u00bb icon=\u00bbhealthcare\u00bb]Al mejorar la oxigenaci\u00f3n y reducir la inflamaci\u00f3n, ayuda a recuperar la movilidad y calidad de vida sin necesidad de medicamentos agresivos.[\/info_box][\/vc_column_inner][vc_column_inner width=\u00bb1\/4&#8243;][info_box title=\u00bbReducci\u00f3n de la inflamaci\u00f3n\u00bb icon=\u00bbhealthcare\u00bb]Su efecto antiinflamatorio natural mejora la circulaci\u00f3n y acelera la recuperaci\u00f3n sin efectos secundarios.[\/info_box][\/vc_column_inner][vc_column_inner width=\u00bb1\/4&#8243;][info_box title=\u00bbDesintoxicaci\u00f3n del organismo\u00bb icon=\u00bbhealthcare\u00bb]Mejora el metabolismo celular y promueve un equilibrio interno que se refleja en mayor energ\u00eda y bienestar general.[\/info_box][\/vc_column_inner][vc_column_inner width=\u00bb1\/4&#8243;][info_box title=\u00bbEstimulaci\u00f3n de la regeneraci\u00f3n celular\u00bb icon=\u00bbhealthcare\u00bb]Acelera la regeneraci\u00f3n de m\u00fasculos, tendones, articulaciones y piel, siendo ideal para tratar lesiones, cicatrices y enfermedades degenerativas.[\/info_box][\/vc_column_inner][\/vc_row_inner][\/vc_column][\/vc_row][vc_row top_margin=\u00bbpage-margin-top-section\u00bb][vc_column width=\u00bb1\/3&#8243;][box_header title=\u00bbTratamientos m\u00e1s comunes con Ozonoterapia\u00bb type=\u00bbh2&#8243; bottom_border=\u00bb0&#8243; class=\u00bblarge\u00bb][\/vc_column][vc_column width=\u00bb2\/3&#8243;][vc_column_text el_class=\u00bblarge padding-0&#8243;]<\/p>\n<p data-start=\"101\" data-end=\"657\">La ozonoterapia se ha convertido en una alternativa m\u00e9dica eficaz y segura para tratar diversas condiciones cr\u00f3nicas. Entre las m\u00e1s comunes destacan el <strong data-start=\"301\" data-end=\"340\">dolor lumbar y las hernias discales<\/strong>, donde ayuda a desinflamar y aliviar sin recurrir a cirug\u00eda; la <strong data-start=\"405\" data-end=\"428\">artrosis y artritis<\/strong>, reduciendo el dolor y mejorando la movilidad articular; y la <strong data-start=\"491\" data-end=\"507\" data-is-only-node=\"\">fibromialgia<\/strong>, aliviando el dolor muscular generalizado, la fatiga y mejorando la calidad de vida. Es una opci\u00f3n regenerativa que act\u00faa desde la ra\u00edz del problema.<\/p>\n<p>[\/vc_column_text][\/vc_column][\/vc_row][vc_row el_class=\u00bbalign-center padding-top-63 padding-bottom-13&#8243;][vc_column][vc_button title=\u00bbLISTA DE SERVICIOS\u00bb size=\u00bblarge\u00bb style=\u00bblight-color\u00bb href=\u00bbservices\u00bb el_class=\u00bbsingle-button\u00bb][\/vc_column][\/vc_row][vc_row type=\u00bbfull-width\u00bb top_margin=\u00bbpage-margin-top-section\u00bb el_class=\u00bbflex-box\u00bb css=\u00bb.vc_custom_1535723622030{background-color: #ffffff !important;}\u00bb][vc_column width=\u00bb1\/2&#8243; css=\u00bb.vc_custom_1747165578504{background-image: url(https:\/\/sistema.alimedicbolivia.com\/wp-content\/uploads\/2025\/05\/artrosis.jpg?id=4216) !important;background-position: center !important;background-repeat: no-repeat !important;background-size: cover !important;}\u00bb][vc_single_image image=\u00bb4216&#8243; img_size=\u00bblarge-thumb\u00bb el_class=\u00bbflex-hide\u00bb][\/vc_column][vc_column width=\u00bb1\/2&#8243; el_class=\u00bbpadding-bottom-128 column-limited\u00bb][vc_row_inner el_class=\u00bbpadding-left-100&#8243;][vc_column_inner][box_header title=\u00bbOzonoterapia en artrosis y artritis\u00bb bottom_border=\u00bb1&#8243; animation=\u00bb0&#8243; class=\u00bbmargin-top-92&#8243;][box_header title=\u00bb\u00bfC\u00f3mo act\u00faa la ozonoterapia en artrosis y artritis?\u00bb type=\u00bbh2&#8243; bottom_border=\u00bb0&#8243; class=\u00bblarge margin-top-30&#8243;][vc_column_text el_class=\u00bblarge margin-top-10&#8243;]La ozonoterapia se aplica directamente en la articulaci\u00f3n afectada, donde el ozono m\u00e9dico act\u00faa como un potente antiinflamatorio y analg\u00e9sico natural. Mejora la oxigenaci\u00f3n y circulaci\u00f3n en el tejido articular, lo que favorece la regeneraci\u00f3n del cart\u00edlago y reduce el dolor y la rigidez. Adem\u00e1s, disminuye el estr\u00e9s oxidativo, que es una de las causas del deterioro articular. El resultado es una notable mejora en la movilidad y calidad de vida del paciente, sin necesidad de f\u00e1rmacos agresivos.[\/vc_column_text][vc_progress_bar values=\u00bb%5B%7B%22label%22%3A%22Reducci%C3%B3n%20significativa%20del%20dolor%22%2C%22value%22%3A%2275%22%7D%2C%7B%22label%22%3A%22Mejora%20la%20funci%C3%B3n%20articular%20%22%2C%22value%22%3A%2265%22%7D%2C%7B%22label%22%3A%22Mejor%20tolerancia%20al%20movimiento%20%22%2C%22value%22%3A%2270%22%7D%5D\u00bb units=\u00bb%\u00bb el_class=\u00bbpage-margin-top\u00bb title=\u00bbEstad\u00edsticas de investigaciones\u00bb][\/vc_column_inner][\/vc_row_inner][\/vc_column][\/vc_row][vc_row type=\u00bbfull-width\u00bb el_class=\u00bbflex-box\u00bb css=\u00bb.vc_custom_1747166761977{background-color: #f8f8f8 !important;}\u00bb][vc_column width=\u00bb1\/2&#8243; css=\u00bb.vc_custom_1536849658368{background-position: center !important;background-repeat: no-repeat !important;background-size: cover !important;}\u00bb el_class=\u00bbpadding-bottom-128 column-limited\u00bb][vc_row_inner el_class=\u00bbpadding-right-100&#8243;][vc_column_inner][box_header title=\u00bbDolor lumbar y hernias discales\u00bb bottom_border=\u00bb1&#8243; animation=\u00bb0&#8243; class=\u00bbmargin-top-92&#8243;][box_header title=\u00bb\u00bfC\u00f3mo act\u00faa la ozonoterapia en el dolor lumbar y las hernias discales?\u00bb type=\u00bbh2&#8243; bottom_border=\u00bb0&#8243; class=\u00bblarge margin-top-30&#8243;][vc_column_text el_class=\u00bblarge margin-top-10&#8243;]El ozono m\u00e9dico tiene un efecto antiinflamatorio y analg\u00e9sico que reduce la compresi\u00f3n sobre los nervios causada por la hernia. Adem\u00e1s, disminuye el volumen del disco herniado al deshidratar el n\u00facleo pulposo, lo que alivia la presi\u00f3n sobre las ra\u00edces nerviosas. Esto permite una recuperaci\u00f3n funcional m\u00e1s r\u00e1pida, con menor dolor y sin necesidad de cirug\u00eda. Es un tratamiento ambulatorio, seguro y bien tolerado por los pacientes.[\/vc_column_text][\/vc_column_inner][\/vc_row_inner][\/vc_column][vc_column width=\u00bb1\/2&#8243; css=\u00bb.vc_custom_1747166810977{background-image: url(https:\/\/sistema.alimedicbolivia.com\/wp-content\/uploads\/2025\/05\/lumbar.jpg?id=4220) !important;background-position: center !important;background-repeat: no-repeat !important;background-size: cover !important;}\u00bb][vc_single_image image=\u00bb4220&#8243; img_size=\u00bblarge-thumb\u00bb el_class=\u00bbflex-hide\u00bb][\/vc_column][\/vc_row][vc_row type=\u00bbfull-width\u00bb css=\u00bb.vc_custom_1537528756955{background-color: #f0f0f0 !important;}\u00bb][vc_column][\/vc_column][\/vc_row][vc_row type=\u00bbfull-width mc-parallax mc-overlay\u00bb top_margin=\u00bbpage-margin-top-section\u00bb css=\u00bb.vc_custom_1747168661684{background-image: url(https:\/\/sistema.alimedicbolivia.com\/wp-content\/uploads\/2025\/05\/banner-2medio.jpg?id=4225) !important;background-position: center !important;background-repeat: no-repeat !important;background-size: cover !important;}\u00bb el_class=\u00bbpadding-top-100 padding-bottom-100&#8243;][vc_column][vc_row_inner][vc_column_inner][mc_testimonials animation=\u00bb0&#8243; layout=\u00bbsm-12&#8243; testimonials_count=\u00bb3&#8243; testimonials_title0=\u00bbDurante a\u00f1os sufr\u00ed de dolor lumbar por una hernia discal. Hab\u00eda probado medicamentos, fisioterapia, y nada me daba alivio duradero. Con la ozonoterapia, not\u00e9 mejoras desde la tercera sesi\u00f3n. Hoy puedo caminar sin dolor y volv\u00ed a hacer ejercicio. \u00a1Me cambi\u00f3 la vida sin tener que pasar por el quir\u00f3fano!\u00bb testimonials_author0=\u00bbCarlos M., 47 a\u00f1os\u00bb testimonials_title1=\u00bbMe diagnosticaron artrosis en ambas rodillas y el dolor no me dejaba ni dormir. Me costaba mucho subir escaleras o estar de pie por mucho tiempo. Despu\u00e9s de varias sesiones de ozonoterapia, la inflamaci\u00f3n baj\u00f3 y recuper\u00e9 movilidad. Puedo moverme con libertad y sin depender de analg\u00e9sicos todos los d\u00edas.\u00bb testimonials_author1=\u00bbMarta G., 65 a\u00f1os\u00bb testimonials_title2=\u00bbVivir con fibromialgia era un reto diario. El cansancio, el dolor en todo el cuerpo, y la frustraci\u00f3n me estaban afectando emocionalmente. La ozonoterapia me ayud\u00f3 a disminuir la intensidad del dolor y a recuperar mi energ\u00eda. Me siento m\u00e1s activa y optimista. No es magia, pero fue un gran cambio en mi vida.\u00bb testimonials_author2=\u00bbLuc\u00eda R., 38 a\u00f1os\u00bb icon=\u00bb1&#8243; autoplay=\u00bb0&#8243; scroll=\u00bb1&#8243; duration=\u00bb500&#8243; el_class=\u00bbwhite\u00bb][\/vc_column_inner][\/vc_row_inner][\/vc_column][\/vc_row][vc_row type=\u00bbfull-width\u00bb css=\u00bb.vc_custom_1538058666023{background-color: #f0f0f0 !important;}\u00bb][vc_column][vc_tabs type=\u00bbtype-big\u00bb][vc_tab title=\u00bbQuienes Somos\u00bb tab_id=\u00bbour-history\u00bb][vc_row_inner][vc_column_inner el_class=\u00bbpadding-right-30&#8243; width=\u00bb1\/2&#8243;][vc_single_image image=\u00bb3750&#8243; img_size=\u00bbmedicenter-gallery-thumb-type-1&#8243; el_class=\u00bbside-image-static\u00bb][vc_single_image image=\u00bb3750&#8243; img_size=\u00bbmedicenter-gallery-thumb-type-1&#8243; alignment=\u00bbright\u00bb el_class=\u00bbmargin-top-70 side-image\u00bb][\/vc_column_inner][vc_column_inner width=\u00bb1\/2&#8243;][box_header title=\u00bbQuienes Somos\u00bb bottom_border=\u00bb1&#8243; animation=\u00bb0&#8243;][box_header title=\u00bbNuestra Historia\u00bb type=\u00bbh2&#8243; bottom_border=\u00bb0&#8243; class=\u00bblarge margin-top-30&#8243;][vc_column_text el_class=\u00bblarge margin-top-10&#8243;]Somos un centro especializado en medicina regenerativa y terapias avanzadas, comprometido con el bienestar integral de nuestros pacientes. Creemos en un enfoque m\u00e9dico que combina ciencia, tecnolog\u00eda y tratamientos naturales para aliviar el dolor, mejorar la movilidad y recuperar la calidad de vida. Nuestro equipo est\u00e1 conformado por profesionales altamente capacitados que trabajan con \u00e9tica, empat\u00eda y pasi\u00f3n por la salud.[\/vc_column_text][\/vc_column_inner][\/vc_row_inner][\/vc_tab][vc_tab title=\u00bbMisi\u00f3n\u00bb tab_id=\u00bbtechnology\u00bb][vc_row_inner][vc_column_inner el_class=\u00bbpadding-right-30&#8243; width=\u00bb1\/2&#8243;][vc_single_image image=\u00bb3750&#8243; img_size=\u00bbmedicenter-gallery-thumb-type-1&#8243; el_class=\u00bbside-image-static\u00bb][vc_single_image image=\u00bb3750&#8243; img_size=\u00bbmedicenter-gallery-thumb-type-1&#8243; alignment=\u00bbright\u00bb el_class=\u00bbmargin-top-70 side-image\u00bb][\/vc_column_inner][vc_column_inner width=\u00bb1\/2&#8243;][box_header title=\u00bbNuestra Misi\u00f3n\u00bb bottom_border=\u00bb1&#8243; animation=\u00bb0&#8243;][box_header title=\u00bbTecnolog\u00eda de vanguardia\u00bb type=\u00bbh2&#8243; bottom_border=\u00bb0&#8243; class=\u00bblarge margin-top-30&#8243;][vc_column_text el_class=\u00bblarge margin-top-10&#8243;]<\/p>\n<p data-start=\"681\" data-end=\"1185\">Nacimos con la misi\u00f3n de ofrecer alternativas innovadoras para mejorar la calidad de vida de nuestros pacientes. Combinamos tecnolog\u00eda de vanguardia \u2014como la ozonoterapia m\u00e9dica\u2014 con la pericia de un equipo comprometido con la salud integral. A lo largo de los a\u00f1os, hemos acompa\u00f1ado a cientos de personas en su proceso de recuperaci\u00f3n, ofreciendo tratamientos no invasivos que respetan el equilibrio natural del cuerpo. Nuestra historia se escribe cada d\u00eda con resultados visibles y vidas transformadas.<\/p>\n<p>[\/vc_column_text][\/vc_column_inner][\/vc_row_inner][\/vc_tab][vc_tab title=\u00bbEspecialistas\u00bb tab_id=\u00bbthe-benefits\u00bb][vc_row_inner][vc_column_inner el_class=\u00bbpadding-right-30&#8243; width=\u00bb1\/2&#8243;][vc_single_image image=\u00bb3750&#8243; img_size=\u00bbmedicenter-gallery-thumb-type-1&#8243; el_class=\u00bbside-image-static\u00bb][vc_single_image image=\u00bb3750&#8243; img_size=\u00bbmedicenter-gallery-thumb-type-1&#8243; alignment=\u00bbright\u00bb el_class=\u00bbmargin-top-70 side-image\u00bb][\/vc_column_inner][vc_column_inner width=\u00bb1\/2&#8243;][box_header title=\u00bbNuestros Especialistas\u00bb bottom_border=\u00bb1&#8243; animation=\u00bb0&#8243;][box_header title=\u00bbCiencia y Experiencia\u00bb type=\u00bbh2&#8243; bottom_border=\u00bb0&#8243; class=\u00bblarge margin-top-30&#8243;][vc_column_text el_class=\u00bblarge margin-top-10&#8243;]Contamos con un equipo m\u00e9dico altamente capacitado en terapias regenerativas y tratamientos avanzados como la ozonoterapia. Cada uno de nuestros especialistas posee una s\u00f3lida formaci\u00f3n acad\u00e9mica, experiencia cl\u00ednica y un compromiso genuino con el bienestar del paciente.[\/vc_column_text][\/vc_column_inner][\/vc_row_inner][\/vc_tab][\/vc_tabs][\/vc_column][\/vc_row][vc_row type=\u00bbfull-width\u00bb el_class=\u00bbpadding-top-89&#8243;][vc_column][vc_row_inner][vc_column_inner][box_header title=\u00bbTratamientos y Servicios\u00bb type=\u00bbh2&#8243; bottom_border=\u00bb1&#8243; animation=\u00bb0&#8243; class=\u00bblarge align-center\u00bb][vc_column_text el_class=\u00bblarge margin-top-20 align-center\u00bb]<\/p>\n<p data-start=\"197\" data-end=\"542\">Ofrecemos una variedad de terapias con ozono m\u00e9dico, dise\u00f1adas para tratar desde dolores cr\u00f3nicos hasta afecciones inflamatorias y problemas digestivos<\/p>\n<p>[\/vc_column_text][\/vc_column_inner][\/vc_row_inner][vc_row_inner top_margin=\u00bbpage-margin-top\u00bb][vc_column_inner width=\u00bb1\/3&#8243;][features ids=\u00bb964,925&#8243; headers=\u00bb1&#8243; headers_links=\u00bb0&#8243; show_excerpt=\u00bb1&#8243; excerpt_length=\u00bb100&#8243; read_more=\u00bb0&#8243; icon_links=\u00bb0&#8243; animation=\u00bbscale\u00bb][\/vc_column_inner][vc_column_inner width=\u00bb1\/3&#8243;][features ids=\u00bb926,210&#8243; order=\u00bbDESC\u00bb headers=\u00bb1&#8243; headers_links=\u00bb0&#8243; show_excerpt=\u00bb1&#8243; excerpt_length=\u00bb100&#8243; read_more=\u00bb0&#8243; icon_links=\u00bb0&#8243; animation=\u00bbscale\u00bb][\/vc_column_inner][vc_column_inner width=\u00bb1\/3&#8243;][features ids=\u00bb936,925&#8243; order=\u00bbDESC\u00bb headers=\u00bb1&#8243; headers_links=\u00bb0&#8243; show_excerpt=\u00bb1&#8243; excerpt_length=\u00bb100&#8243; read_more=\u00bb0&#8243; icon_links=\u00bb0&#8243; animation=\u00bbscale\u00bb][\/vc_column_inner][\/vc_row_inner][\/vc_column][\/vc_row][vc_row top_margin=\u00bbpage-margin-top-section\u00bb][vc_column width=\u00bb1\/2&#8243;][announcement_box header=\u00bbMas informaci\u00f3n: 67337755&#8243; button_label=\u00bbWHATSAPP\u00bb button_url=\u00bbhttps:\/\/wa.link\/vqs39n\u00bb button_size=\u00bblarge\u00bb button_icon=\u00bbtemplate-arrow-horizontal-1-after\u00bb el_class=\u00bbstyle-2&#8243;]Escribanos, ser\u00e1 un gusto atenderlo.[\/announcement_box][\/vc_column][vc_column width=\u00bb1\/2&#8243;][announcement_box header=\u00bbNuestra ubicaci\u00f3n\u00bb bg_image=\u00bb4253&#8243; button_label=\u00bbVER MAPA\u00bb button_url=\u00bbhttps:\/\/maps.app.goo.gl\/bwVDma1YHvnaGZRe8?g_st=aw\u00bb button_size=\u00bblarge\u00bb button_style=\u00bblight\u00bb button_icon=\u00bbtemplate-arrow-horizontal-1-after\u00bb el_class=\u00bbstyle-2&#8243;]Edif. Aguilar, Zona: Janko Kalani Av. \u00c1frica N\u00ba. 1014 (Carretera Viacha cerca al Hospital Corea)[\/announcement_box][\/vc_column][\/vc_row]<\/p>\n","protected":false},"excerpt":{"rendered":"<p>[vc_row type=\u00bbfull-width\u00bb][vc_column][rev_slider_vc alias=\u00bbhome\u00bb][\/vc_column][\/vc_row][vc_row][vc_column][vc_widget_sidebar sidebar_id=\u00bbsidebar-home-top\u00bb el_class=\u00bbhome-box-container-list for-home-slider\u00bb][\/vc_column][\/vc_row][vc_row top_margin=\u00bbpage-margin-top-section\u00bb][vc_column width=\u00bb1\/2&#8243; el_class=\u00bbpadding-right-30&#8243;][vc_single_image image=\u00bb4196&#8243; img_size=\u00bbmedicenter-vertical-image\u00bb el_class=\u00bbpage-margin-top side-image\u00bb][vc_single_image image=\u00bb4195&#8243; img_size=\u00bbmedicenter-vertical-image\u00bb alignment=\u00bbright\u00bb][\/vc_column][vc_column width=\u00bb1\/2&#8243;][box_header title=\u00bbUna vida sin dolor\u00bb bottom_border=\u00bb1&#8243; animation=\u00bb0&#8243;][box_header title=\u00bbMedicina regenerativa para el tratamiento del dolor cr\u00f3nico\u00bb type=\u00bbh2&#8243; bottom_border=\u00bb0&#8243; class=\u00bblarge margin-top-30&#8243;][vc_column_text el_class=\u00bblarge margin-top-10&#8243;]La ozonoterapia es un tratamiento m\u00e9dico que utiliza una mezcla de ox\u00edgeno y ozono para estimular la regeneraci\u00f3n celular [&hellip;]<\/p>\n","protected":false},"author":1,"featured_media":0,"parent":0,"menu_order":0,"comment_status":"closed","ping_status":"closed","template":"template-default-without-breadcrumbs.php","meta":{"footnotes":""},"class_list":["post-3756","page","type-page","status-publish","hentry"],"_links":{"self":[{"href":"https:\/\/sistema.alimedicbolivia.com\/index.php?rest_route=\/wp\/v2\/pages\/3756","targetHints":{"allow":["GET"]}}],"collection":[{"href":"https:\/\/sistema.alimedicbolivia.com\/index.php?rest_route=\/wp\/v2\/pages"}],"about":[{"href":"https:\/\/sistema.alimedicbolivia.com\/index.php?rest_route=\/wp\/v2\/types\/page"}],"author":[{"embeddable":true,"href":"https:\/\/sistema.alimedicbolivia.com\/index.php?rest_route=\/wp\/v2\/users\/1"}],"replies":[{"embeddable":true,"href":"https:\/\/sistema.alimedicbolivia.com\/index.php?rest_route=%2Fwp%2Fv2%2Fcomments&post=3756"}],"version-history":[{"count":47,"href":"https:\/\/sistema.alimedicbolivia.com\/index.php?rest_route=\/wp\/v2\/pages\/3756\/revisions"}],"predecessor-version":[{"id":4289,"href":"https:\/\/sistema.alimedicbolivia.com\/index.php?rest_route=\/wp\/v2\/pages\/3756\/revisions\/4289"}],"wp:attachment":[{"href":"https:\/\/sistema.alimedicbolivia.com\/index.php?rest_route=%2Fwp%2Fv2%2Fmedia&parent=3756"}],"curies":[{"name":"wp","href":"https:\/\/api.w.org\/{rel}","templated":true}]}}